{"id":213,"date":"2021-11-12T15:19:47","date_gmt":"2021-11-12T15:19:47","guid":{"rendered":"http:\/\/somoswanted.com\/?page_id=213"},"modified":"2022-12-13T08:10:21","modified_gmt":"2022-12-13T11:10:21","slug":"hola-soy-romi","status":"publish","type":"page","link":"https:\/\/somoswanted.com\/index.php\/hola-soy-romi\/","title":{"rendered":"\u00a1Hola, soy Romi!"},"content":{"rendered":"\t\t<div data-elementor-type=\"wp-page\" data-elementor-id=\"213\" class=\"elementor elementor-213\">\n\t\t\t\t\t\t<section class=\"elementor-section elementor-top-section elementor-element elementor-element-63d254f9 elementor-section-full_width elementor-section-height-min-height elementor-section-height-default elementor-section-items-middle\" data-id=\"63d254f9\" data-element_type=\"section\" data-e-type=\"section\" data-settings=\"{&quot;background_background&quot;:&quot;classic&quot;}\">\n\t\t\t\t\t\t<div class=\"elementor-container elementor-column-gap-default\">\n\t\t\t\t\t<div class=\"elementor-column elementor-col-100 elementor-top-column elementor-element elementor-element-6d33741e\" data-id=\"6d33741e\" data-element_type=\"column\" data-e-type=\"column\">\n\t\t\t<div class=\"elementor-widget-wrap\">\n\t\t\t\t\t\t\t<\/div>\n\t\t<\/div>\n\t\t\t\t\t<\/div>\n\t\t<\/section>\n\t\t\t\t<section class=\"elementor-section elementor-top-section elementor-element elementor-element-71ee122 elementor-section-boxed elementor-section-height-default elementor-section-height-default\" data-id=\"71ee122\" data-element_type=\"section\" data-e-type=\"section\" data-settings=\"{&quot;background_background&quot;:&quot;classic&quot;}\">\n\t\t\t\t\t\t<div class=\"elementor-container elementor-column-gap-default\">\n\t\t\t\t\t<div class=\"elementor-column elementor-col-100 elementor-top-column elementor-element elementor-element-0e78ae4\" data-id=\"0e78ae4\" data-element_type=\"column\" data-e-type=\"column\">\n\t\t\t<div class=\"elementor-widget-wrap elementor-element-populated\">\n\t\t\t\t\t\t<section class=\"elementor-section elementor-inner-section elementor-element elementor-element-4aa9d26 elementor-section-boxed elementor-section-height-default elementor-section-height-default\" data-id=\"4aa9d26\" data-element_type=\"section\" data-e-type=\"section\">\n\t\t\t\t\t\t<div class=\"elementor-container elementor-column-gap-default\">\n\t\t\t\t\t<div class=\"elementor-column elementor-col-50 elementor-inner-column elementor-element elementor-element-ed9fd35\" data-id=\"ed9fd35\" data-element_type=\"column\" data-e-type=\"column\">\n\t\t\t<div class=\"elementor-widget-wrap elementor-element-populated\">\n\t\t\t\t\t\t<div class=\"elementor-element elementor-element-b23f5be elementor-invisible elementor-widget elementor-widget-heading\" data-id=\"b23f5be\" data-element_type=\"widget\" data-e-type=\"widget\" data-settings=\"{&quot;_animation&quot;:&quot;fadeInLeft&quot;}\" data-widget_type=\"heading.default\">\n\t\t\t\t<div class=\"elementor-widget-container\">\n\t\t\t\t\t<h2 class=\"elementor-heading-title elementor-size-default\">Me presento...<\/h2>\t\t\t\t<\/div>\n\t\t\t\t<\/div>\n\t\t\t\t<div class=\"elementor-element elementor-element-3ae9c44 elementor-widget elementor-widget-image\" data-id=\"3ae9c44\" data-element_type=\"widget\" data-e-type=\"widget\" data-widget_type=\"image.default\">\n\t\t\t\t<div class=\"elementor-widget-container\">\n\t\t\t\t\t\t\t\t\t\t\t\t\t\t\t<img decoding=\"async\" width=\"150\" height=\"150\" src=\"https:\/\/somoswanted.com\/wp-content\/uploads\/2022\/02\/romi-150x150.jpg\" class=\"attachment-thumbnail size-thumbnail wp-image-337\" alt=\"Foto de perfil\" \/>\t\t\t\t\t\t\t\t\t\t\t\t\t\t\t<\/div>\n\t\t\t\t<\/div>\n\t\t\t\t\t<\/div>\n\t\t<\/div>\n\t\t\t\t<div class=\"elementor-column elementor-col-50 elementor-inner-column elementor-element elementor-element-acac521\" data-id=\"acac521\" data-element_type=\"column\" data-e-type=\"column\">\n\t\t\t<div class=\"elementor-widget-wrap elementor-element-populated\">\n\t\t\t\t\t\t<div class=\"elementor-element elementor-element-21a6327 elementor-invisible elementor-widget elementor-widget-text-editor\" data-id=\"21a6327\" data-element_type=\"widget\" data-e-type=\"widget\" data-settings=\"{&quot;_animation&quot;:&quot;fadeInRight&quot;}\" data-widget_type=\"text-editor.default\">\n\t\t\t\t<div class=\"elementor-widget-container\">\n\t\t\t\t\t\t\t\t\t<p>Mi nombre es Romina Carbonetto.\u00a0<\/p><p>Me recib\u00ed en 2013 de Licenciada en Comercializaci\u00f3n en la Universidad Argentina de la Empresa (UADE) y en 2016 termin\u00e9 el curso profesional de dise\u00f1o web en la Escuela Da Vinci.\u00a0<\/p><p>Me especializo en el dise\u00f1o de sitios webs creados en WordPress y junto, a los conocimientos que tengo en Photoshop, Illustrator, HTML y CSS puedo cumplir los requerimientos de mis clientes.\u00a0<\/p><p>Pero lo mas importante de todo es que <strong>disfruto mi trabajo y lo hago con pasi\u00f3n.\u00a0<\/strong><\/p>\t\t\t\t\t\t\t\t<\/div>\n\t\t\t\t<\/div>\n\t\t\t\t\t<\/div>\n\t\t<\/div>\n\t\t\t\t\t<\/div>\n\t\t<\/section>\n\t\t\t\t\t<\/div>\n\t\t<\/div>\n\t\t\t\t\t<\/div>\n\t\t<\/section>\n\t\t\t\t<section class=\"elementor-section elementor-top-section elementor-element elementor-element-42ceffd elementor-section-full_width elementor-section-height-default elementor-section-height-default\" data-id=\"42ceffd\" data-element_type=\"section\" data-e-type=\"section\" data-settings=\"{&quot;background_background&quot;:&quot;gradient&quot;}\">\n\t\t\t\t\t\t<div class=\"elementor-container elementor-column-gap-default\">\n\t\t\t\t\t<div class=\"elementor-column elementor-col-100 elementor-top-column elementor-element elementor-element-dde3f7d\" data-id=\"dde3f7d\" data-element_type=\"column\" data-e-type=\"column\">\n\t\t\t<div class=\"elementor-widget-wrap elementor-element-populated\">\n\t\t\t\t\t\t<div class=\"elementor-element elementor-element-ccb8f8a elementor-invisible elementor-widget elementor-widget-heading\" data-id=\"ccb8f8a\" data-element_type=\"widget\" data-e-type=\"widget\" data-settings=\"{&quot;_animation&quot;:&quot;fadeInDown&quot;}\" data-widget_type=\"heading.default\">\n\t\t\t\t<div class=\"elementor-widget-container\">\n\t\t\t\t\t<h2 class=\"elementor-heading-title elementor-size-default\">PORTFOLIO<\/h2>\t\t\t\t<\/div>\n\t\t\t\t<\/div>\n\t\t\t\t<div class=\"elementor-element elementor-element-98b443a elementor-widget elementor-widget-text-editor\" data-id=\"98b443a\" data-element_type=\"widget\" data-e-type=\"widget\" data-widget_type=\"text-editor.default\">\n\t\t\t\t<div class=\"elementor-widget-container\">\n\t\t\t\t\t\t\t\t\t<p style=\"text-align: center;\"><span style=\"color: #ffffff;\">Te muestro algunos de los trabajos que he realizado.<\/span>&nbsp;<\/p>\t\t\t\t\t\t\t\t<\/div>\n\t\t\t\t<\/div>\n\t\t\t\t<section class=\"elementor-section elementor-inner-section elementor-element elementor-element-caef56e elementor-section-full_width elementor-section-height-default elementor-section-height-default\" data-id=\"caef56e\" data-element_type=\"section\" data-e-type=\"section\">\n\t\t\t\t\t\t<div class=\"elementor-container elementor-column-gap-default\">\n\t\t\t\t\t<div class=\"elementor-column elementor-col-50 elementor-inner-column elementor-element elementor-element-5b0f70d\" data-id=\"5b0f70d\" data-element_type=\"column\" data-e-type=\"column\">\n\t\t\t<div class=\"elementor-widget-wrap elementor-element-populated\">\n\t\t\t\t\t\t<div class=\"elementor-element elementor-element-5a4ca79 elementor-invisible elementor-widget elementor-widget-image\" data-id=\"5a4ca79\" data-element_type=\"widget\" data-e-type=\"widget\" data-settings=\"{&quot;_animation&quot;:&quot;fadeInLeft&quot;}\" data-widget_type=\"image.default\">\n\t\t\t\t<div class=\"elementor-widget-container\">\n\t\t\t\t\t\t\t\t\t\t\t\t\t\t\t\t<a href=\"http:\/\/www.impuralingerie.com.ar\" target=\"_blank\">\n\t\t\t\t\t\t\t<img fetchpriority=\"high\" decoding=\"async\" width=\"1024\" height=\"819\" src=\"https:\/\/somoswanted.com\/wp-content\/uploads\/2022\/02\/IMPURA-1024x819.jpg\" class=\"attachment-large size-large wp-image-298\" alt=\"Impura lingerie\" srcset=\"https:\/\/somoswanted.com\/wp-content\/uploads\/2022\/02\/IMPURA-1024x819.jpg 1024w, https:\/\/somoswanted.com\/wp-content\/uploads\/2022\/02\/IMPURA-300x240.jpg 300w, https:\/\/somoswanted.com\/wp-content\/uploads\/2022\/02\/IMPURA-768x614.jpg 768w, https:\/\/somoswanted.com\/wp-content\/uploads\/2022\/02\/IMPURA.jpg 1280w\" sizes=\"(max-width: 1024px) 100vw, 1024px\" \/>\t\t\t\t\t\t\t\t<\/a>\n\t\t\t\t\t\t\t\t\t\t\t\t\t\t\t<\/div>\n\t\t\t\t<\/div>\n\t\t\t\t\t<\/div>\n\t\t<\/div>\n\t\t\t\t<div class=\"elementor-column elementor-col-50 elementor-inner-column elementor-element elementor-element-1fe3083\" data-id=\"1fe3083\" data-element_type=\"column\" data-e-type=\"column\">\n\t\t\t<div class=\"elementor-widget-wrap elementor-element-populated\">\n\t\t\t\t\t\t<div class=\"elementor-element elementor-element-09474fe elementor-invisible elementor-widget elementor-widget-image\" data-id=\"09474fe\" data-element_type=\"widget\" data-e-type=\"widget\" data-settings=\"{&quot;_animation&quot;:&quot;fadeInRight&quot;}\" data-widget_type=\"image.default\">\n\t\t\t\t<div class=\"elementor-widget-container\">\n\t\t\t\t\t\t\t\t\t\t\t\t\t\t\t\t<a href=\"http:\/\/www.estudiocacerescuello.com.ar\/\">\n\t\t\t\t\t\t\t<img decoding=\"async\" width=\"1024\" height=\"819\" src=\"https:\/\/somoswanted.com\/wp-content\/uploads\/2022\/02\/SANTIAGO-CUELLO-1024x819.jpg\" class=\"attachment-large size-large wp-image-297\" alt=\"Estudio Caseres-Cuello\" srcset=\"https:\/\/somoswanted.com\/wp-content\/uploads\/2022\/02\/SANTIAGO-CUELLO-1024x819.jpg 1024w, https:\/\/somoswanted.com\/wp-content\/uploads\/2022\/02\/SANTIAGO-CUELLO-300x240.jpg 300w, https:\/\/somoswanted.com\/wp-content\/uploads\/2022\/02\/SANTIAGO-CUELLO-768x614.jpg 768w, https:\/\/somoswanted.com\/wp-content\/uploads\/2022\/02\/SANTIAGO-CUELLO.jpg 1280w\" sizes=\"(max-width: 1024px) 100vw, 1024px\" \/>\t\t\t\t\t\t\t\t<\/a>\n\t\t\t\t\t\t\t\t\t\t\t\t\t\t\t<\/div>\n\t\t\t\t<\/div>\n\t\t\t\t\t<\/div>\n\t\t<\/div>\n\t\t\t\t\t<\/div>\n\t\t<\/section>\n\t\t\t\t<section class=\"elementor-section elementor-inner-section elementor-element elementor-element-9fd4397 elementor-section-full_width elementor-section-height-default elementor-section-height-default\" data-id=\"9fd4397\" data-element_type=\"section\" data-e-type=\"section\">\n\t\t\t\t\t\t<div class=\"elementor-container elementor-column-gap-default\">\n\t\t\t\t\t<div class=\"elementor-column elementor-col-50 elementor-inner-column elementor-element elementor-element-282adc9\" data-id=\"282adc9\" data-element_type=\"column\" data-e-type=\"column\">\n\t\t\t<div class=\"elementor-widget-wrap elementor-element-populated\">\n\t\t\t\t\t\t<div class=\"elementor-element elementor-element-ef35def elementor-invisible elementor-widget elementor-widget-image\" data-id=\"ef35def\" data-element_type=\"widget\" data-e-type=\"widget\" data-settings=\"{&quot;_animation&quot;:&quot;fadeInLeft&quot;}\" data-widget_type=\"image.default\">\n\t\t\t\t<div class=\"elementor-widget-container\">\n\t\t\t\t\t\t\t\t\t\t\t\t\t\t\t\t<a href=\"http:\/\/www.estudio-rc.com.ar\" target=\"_blank\">\n\t\t\t\t\t\t\t<img loading=\"lazy\" decoding=\"async\" width=\"1024\" height=\"819\" src=\"https:\/\/somoswanted.com\/wp-content\/uploads\/2022\/03\/estudio-rc-1024x819.png\" class=\"attachment-large size-large wp-image-377\" alt=\"estudio-rc\" srcset=\"https:\/\/somoswanted.com\/wp-content\/uploads\/2022\/03\/estudio-rc-1024x819.png 1024w, https:\/\/somoswanted.com\/wp-content\/uploads\/2022\/03\/estudio-rc-300x240.png 300w, https:\/\/somoswanted.com\/wp-content\/uploads\/2022\/03\/estudio-rc-768x614.png 768w, https:\/\/somoswanted.com\/wp-content\/uploads\/2022\/03\/estudio-rc.png 1280w\" sizes=\"(max-width: 1024px) 100vw, 1024px\" \/>\t\t\t\t\t\t\t\t<\/a>\n\t\t\t\t\t\t\t\t\t\t\t\t\t\t\t<\/div>\n\t\t\t\t<\/div>\n\t\t\t\t\t<\/div>\n\t\t<\/div>\n\t\t\t\t<div class=\"elementor-column elementor-col-50 elementor-inner-column elementor-element elementor-element-e456501\" data-id=\"e456501\" data-element_type=\"column\" data-e-type=\"column\">\n\t\t\t<div class=\"elementor-widget-wrap elementor-element-populated\">\n\t\t\t\t\t\t<div class=\"elementor-element elementor-element-a007cdb elementor-invisible elementor-widget elementor-widget-image\" data-id=\"a007cdb\" data-element_type=\"widget\" data-e-type=\"widget\" data-settings=\"{&quot;_animation&quot;:&quot;fadeInRight&quot;}\" data-widget_type=\"image.default\">\n\t\t\t\t<div class=\"elementor-widget-container\">\n\t\t\t\t\t\t\t\t\t\t\t\t\t\t\t\t<a href=\"http:\/\/www.vidasolidaria.org\" target=\"_blank\">\n\t\t\t\t\t\t\t<img loading=\"lazy\" decoding=\"async\" width=\"1024\" height=\"819\" src=\"https:\/\/somoswanted.com\/wp-content\/uploads\/2022\/02\/vidasolidaria-2-1024x819.jpg\" class=\"attachment-large size-large wp-image-324\" alt=\"Web institucional Vida Solidaria\" srcset=\"https:\/\/somoswanted.com\/wp-content\/uploads\/2022\/02\/vidasolidaria-2-1024x819.jpg 1024w, https:\/\/somoswanted.com\/wp-content\/uploads\/2022\/02\/vidasolidaria-2-300x240.jpg 300w, https:\/\/somoswanted.com\/wp-content\/uploads\/2022\/02\/vidasolidaria-2-768x614.jpg 768w, https:\/\/somoswanted.com\/wp-content\/uploads\/2022\/02\/vidasolidaria-2.jpg 1280w\" sizes=\"(max-width: 1024px) 100vw, 1024px\" \/>\t\t\t\t\t\t\t\t<\/a>\n\t\t\t\t\t\t\t\t\t\t\t\t\t\t\t<\/div>\n\t\t\t\t<\/div>\n\t\t\t\t\t<\/div>\n\t\t<\/div>\n\t\t\t\t\t<\/div>\n\t\t<\/section>\n\t\t\t\t<section class=\"elementor-section elementor-inner-section elementor-element elementor-element-fce8009 elementor-section-full_width elementor-section-height-default elementor-section-height-default\" data-id=\"fce8009\" data-element_type=\"section\" data-e-type=\"section\">\n\t\t\t\t\t\t<div class=\"elementor-container elementor-column-gap-default\">\n\t\t\t\t\t<div class=\"elementor-column elementor-col-50 elementor-inner-column elementor-element elementor-element-3594179\" data-id=\"3594179\" data-element_type=\"column\" data-e-type=\"column\">\n\t\t\t<div class=\"elementor-widget-wrap elementor-element-populated\">\n\t\t\t\t\t\t<div class=\"elementor-element elementor-element-8bc32e3 elementor-invisible elementor-widget elementor-widget-image\" data-id=\"8bc32e3\" data-element_type=\"widget\" data-e-type=\"widget\" data-settings=\"{&quot;_animation&quot;:&quot;fadeInLeft&quot;}\" data-widget_type=\"image.default\">\n\t\t\t\t<div class=\"elementor-widget-container\">\n\t\t\t\t\t\t\t\t\t\t\t\t\t\t\t\t<a href=\"http:\/\/www.repuestosalcorta.com.ar\" target=\"_blank\">\n\t\t\t\t\t\t\t<img loading=\"lazy\" decoding=\"async\" width=\"1024\" height=\"819\" src=\"https:\/\/somoswanted.com\/wp-content\/uploads\/2022\/12\/alcorta-portfolio-1024x819.png\" class=\"attachment-large size-large wp-image-392\" alt=\"\" srcset=\"https:\/\/somoswanted.com\/wp-content\/uploads\/2022\/12\/alcorta-portfolio-1024x819.png 1024w, https:\/\/somoswanted.com\/wp-content\/uploads\/2022\/12\/alcorta-portfolio-300x240.png 300w, https:\/\/somoswanted.com\/wp-content\/uploads\/2022\/12\/alcorta-portfolio-768x614.png 768w, https:\/\/somoswanted.com\/wp-content\/uploads\/2022\/12\/alcorta-portfolio.png 1280w\" sizes=\"(max-width: 1024px) 100vw, 1024px\" \/>\t\t\t\t\t\t\t\t<\/a>\n\t\t\t\t\t\t\t\t\t\t\t\t\t\t\t<\/div>\n\t\t\t\t<\/div>\n\t\t\t\t\t<\/div>\n\t\t<\/div>\n\t\t\t\t<div class=\"elementor-column elementor-col-50 elementor-inner-column elementor-element elementor-element-b415006\" data-id=\"b415006\" data-element_type=\"column\" data-e-type=\"column\">\n\t\t\t<div class=\"elementor-widget-wrap elementor-element-populated\">\n\t\t\t\t\t\t<div class=\"elementor-element elementor-element-586408c elementor-invisible elementor-widget elementor-widget-image\" data-id=\"586408c\" data-element_type=\"widget\" data-e-type=\"widget\" data-settings=\"{&quot;_animation&quot;:&quot;fadeInRight&quot;}\" data-widget_type=\"image.default\">\n\t\t\t\t<div class=\"elementor-widget-container\">\n\t\t\t\t\t\t\t\t\t\t\t\t\t\t\t\t<a href=\"http:\/\/www.ygbeautycare.com.ar\" target=\"_blank\">\n\t\t\t\t\t\t\t<img loading=\"lazy\" decoding=\"async\" width=\"1024\" height=\"666\" src=\"https:\/\/somoswanted.com\/wp-content\/uploads\/2022\/12\/yami-1024x666.png\" class=\"attachment-large size-large wp-image-394\" alt=\"\" srcset=\"https:\/\/somoswanted.com\/wp-content\/uploads\/2022\/12\/yami-1024x666.png 1024w, https:\/\/somoswanted.com\/wp-content\/uploads\/2022\/12\/yami-300x195.png 300w, https:\/\/somoswanted.com\/wp-content\/uploads\/2022\/12\/yami-768x499.png 768w, https:\/\/somoswanted.com\/wp-content\/uploads\/2022\/12\/yami-1536x998.png 1536w, https:\/\/somoswanted.com\/wp-content\/uploads\/2022\/12\/yami.png 2000w\" sizes=\"(max-width: 1024px) 100vw, 1024px\" \/>\t\t\t\t\t\t\t\t<\/a>\n\t\t\t\t\t\t\t\t\t\t\t\t\t\t\t<\/div>\n\t\t\t\t<\/div>\n\t\t\t\t\t<\/div>\n\t\t<\/div>\n\t\t\t\t\t<\/div>\n\t\t<\/section>\n\t\t\t\t\t<\/div>\n\t\t<\/div>\n\t\t\t\t\t<\/div>\n\t\t<\/section>\n\t\t\t\t<section class=\"elementor-section elementor-top-section elementor-element elementor-element-abd8b44 elementor-section-boxed elementor-section-height-default elementor-section-height-default\" data-id=\"abd8b44\" data-element_type=\"section\" data-e-type=\"section\">\n\t\t\t\t\t\t<div class=\"elementor-container elementor-column-gap-default\">\n\t\t\t\t\t<div class=\"elementor-column elementor-col-100 elementor-top-column elementor-element elementor-element-1fd71fe\" data-id=\"1fd71fe\" data-element_type=\"column\" data-e-type=\"column\">\n\t\t\t<div class=\"elementor-widget-wrap elementor-element-populated\">\n\t\t\t\t\t\t<div class=\"elementor-element elementor-element-4f173a7 elementor-widget elementor-widget-spacer\" data-id=\"4f173a7\" data-element_type=\"widget\" data-e-type=\"widget\" data-widget_type=\"spacer.default\">\n\t\t\t\t<div class=\"elementor-widget-container\">\n\t\t\t\t\t\t\t<div class=\"elementor-spacer\">\n\t\t\t<div class=\"elementor-spacer-inner\"><\/div>\n\t\t<\/div>\n\t\t\t\t\t\t<\/div>\n\t\t\t\t<\/div>\n\t\t\t\t<div class=\"elementor-element elementor-element-557521d elementor-view-default elementor-position-block-start elementor-mobile-position-block-start elementor-invisible elementor-widget elementor-widget-icon-box\" data-id=\"557521d\" data-element_type=\"widget\" data-e-type=\"widget\" data-settings=\"{&quot;_animation&quot;:&quot;shake&quot;}\" data-widget_type=\"icon-box.default\">\n\t\t\t\t<div class=\"elementor-widget-container\">\n\t\t\t\t\t\t\t<div class=\"elementor-icon-box-wrapper\">\n\n\t\t\t\t\t\t<div class=\"elementor-icon-box-icon\">\n\t\t\t\t<a href=\"https:\/\/wa.link\/m4q1xx\" class=\"elementor-icon\" tabindex=\"-1\" aria-label=\"\u00a1Hablemos!\">\n\t\t\t\t<i aria-hidden=\"true\" class=\"fab fa-whatsapp\"><\/i>\t\t\t\t<\/a>\n\t\t\t<\/div>\n\t\t\t\n\t\t\t\t\t\t<div class=\"elementor-icon-box-content\">\n\n\t\t\t\t\t\t\t\t\t<h3 class=\"elementor-icon-box-title\">\n\t\t\t\t\t\t<a href=\"https:\/\/wa.link\/m4q1xx\" >\n\t\t\t\t\t\t\t\u00a1Hablemos!\t\t\t\t\t\t<\/a>\n\t\t\t\t\t<\/h3>\n\t\t\t\t\n\t\t\t\t\t\t\t\t\t<p class=\"elementor-icon-box-description\">\n\t\t\t\t\t\t\u00bfQuer\u00e9s saber m\u00e1s? No dudes en contactarme. \t\t\t\t\t<\/p>\n\t\t\t\t\n\t\t\t<\/div>\n\t\t\t\n\t\t<\/div>\n\t\t\t\t\t\t<\/div>\n\t\t\t\t<\/div>\n\t\t\t\t\t<\/div>\n\t\t<\/div>\n\t\t\t\t\t<\/div>\n\t\t<\/section>\n\t\t\t\t<\/div>\n\t\t","protected":false},"excerpt":{"rendered":"<p>Me presento&#8230; Mi nombre es Romina Carbonetto.\u00a0 Me recib\u00ed en 2013 de Licenciada en Comercializaci\u00f3n en la Universidad Argentina de la Empresa (UADE) y en 2016 termin\u00e9 el curso profesional de dise\u00f1o web en la Escuela Da Vinci.\u00a0 Me especializo en el dise\u00f1o de sitios webs creados en WordPress y junto, a los conocimientos que&hellip;&nbsp;<a href=\"https:\/\/somoswanted.com\/index.php\/hola-soy-romi\/\" rel=\"bookmark\">Leer m\u00e1s &raquo;<span class=\"screen-reader-text\">\u00a1Hola, soy Romi!<\/span><\/a><\/p>\n","protected":false},"author":1,"featured_media":0,"parent":0,"menu_order":0,"comment_status":"closed","ping_status":"closed","template":"","meta":{"om_disable_all_campaigns":false,"_monsterinsights_skip_tracking":false,"_monsterinsights_sitenote_active":false,"_monsterinsights_sitenote_note":"","_monsterinsights_sitenote_category":0,"neve_meta_sidebar":"","neve_meta_container":"","neve_meta_enable_content_width":"","neve_meta_content_width":0,"neve_meta_title_alignment":"","neve_meta_author_avatar":"","neve_post_elements_order":"","neve_meta_disable_header":"","neve_meta_disable_footer":"","neve_meta_disable_title":"","footnotes":""},"class_list":["post-213","page","type-page","status-publish","hentry"],"aioseo_notices":[],"_links":{"self":[{"href":"https:\/\/somoswanted.com\/index.php\/wp-json\/wp\/v2\/pages\/213","targetHints":{"allow":["GET"]}}],"collection":[{"href":"https:\/\/somoswanted.com\/index.php\/wp-json\/wp\/v2\/pages"}],"about":[{"href":"https:\/\/somoswanted.com\/index.php\/wp-json\/wp\/v2\/types\/page"}],"author":[{"embeddable":true,"href":"https:\/\/somoswanted.com\/index.php\/wp-json\/wp\/v2\/users\/1"}],"replies":[{"embeddable":true,"href":"https:\/\/somoswanted.com\/index.php\/wp-json\/wp\/v2\/comments?post=213"}],"version-history":[{"count":118,"href":"https:\/\/somoswanted.com\/index.php\/wp-json\/wp\/v2\/pages\/213\/revisions"}],"predecessor-version":[{"id":413,"href":"https:\/\/somoswanted.com\/index.php\/wp-json\/wp\/v2\/pages\/213\/revisions\/413"}],"wp:attachment":[{"href":"https:\/\/somoswanted.com\/index.php\/wp-json\/wp\/v2\/media?parent=213"}],"curies":[{"name":"wp","href":"https:\/\/api.w.org\/{rel}","templated":true}]}}